{"id":905,"date":"2025-01-22T00:54:14","date_gmt":"2025-01-21T23:54:14","guid":{"rendered":"https:\/\/tonyshop2191.live-website.com\/?post_type=product&#038;p=905"},"modified":"2026-04-22T11:36:36","modified_gmt":"2026-04-22T10:36:36","slug":"mini-pita-falafel","status":"publish","type":"product","link":"https:\/\/ehabcateringshop.de\/?product=mini-pita-falafel","title":{"rendered":"Mini Pita Falafel"},"content":{"rendered":"<p>Zutaten<\/p>\n<p>Zutaten: Mini-Pita (Weizenmehl, Falafel (Kichererbsen, Zwiebeln, Petersilie, Gew\u00fcrze), Hummus (Kichererbsen, Tahini (Sesam), Zitrone, Knoblauch), Eisbergsalat, Tomaten, rote Zwiebeln, frische Minze, eingelegtes Gurken.<\/p>\n<p>&nbsp;<\/p>\n","protected":false},"excerpt":{"rendered":"<div class=\"Y3BBE\" data-sfc-cp=\"\" data-sfc-root=\"c\" data-sfc-cb=\"\" data-hveid=\"CAEIBBAA\" data-complete=\"true\" data-processed=\"true\"><strong class=\"Yjhzub\" data-sfc-root=\"c\" data-sfc-cb=\"\" data-complete=\"true\" data-processed=\"true\">Fingerfood<\/strong> mit orientalischer Frische: Luftiges <strong class=\"Yjhzub\" data-sfc-root=\"c\" data-sfc-cb=\"\" data-complete=\"true\" data-processed=\"true\">Mini Pita Falafel<\/strong>, prall gef\u00fcllt mit goldbraun gebackenen Falafel-B\u00e4llchen, cremigem Hummus und knackigem Eisbergsalat. Verfeinert mit Tomatenw\u00fcrfeln, w\u00fcrzigen eingelegten Gurken und einem Hauch frischer Minze f\u00fcr das perfekte Aroma.<\/div>\n<ul class=\"KsbFXc U6u95\" data-sfc-root=\"c\" data-sfc-cb=\"\" data-complete=\"true\" data-processed=\"true\">\n<li class=\"dF3vjf\" data-sfc-root=\"c\" data-sfc-cb=\"\" data-hveid=\"CAEIBRAB\" data-complete=\"true\" data-sae=\"\"><span class=\"T286Pc\" data-sfc-cp=\"\" data-sfc-root=\"c\" data-sfc-cb=\"\" data-complete=\"true\"><strong class=\"Yjhzub\" data-sfc-root=\"c\" data-sfc-cb=\"\" data-complete=\"true\">Allergene:<\/strong> Enth\u00e4lt Gluten (Weizen), Sesam. Vegan.<\/span><\/li>\n<\/ul>\n","protected":false},"featured_media":3214,"template":"","meta":{"_glsr_average":0,"_glsr_ranking":0,"_glsr_reviews":0},"product_brand":[],"product_cat":[39,58],"product_tag":[47,56],"class_list":{"0":"post-905","1":"product","2":"type-product","3":"status-publish","4":"has-post-thumbnail","6":"product_cat-fingerfood","7":"product_cat-fingerfood-vegan","8":"product_tag-fingerfood","9":"product_tag-vegan","11":"first","12":"instock","13":"taxable","14":"shipping-taxable","15":"purchasable","16":"product-type-simple"},"ct_brands":[],"_links":{"self":[{"href":"https:\/\/ehabcateringshop.de\/index.php?rest_route=\/wp\/v2\/product\/905","targetHints":{"allow":["GET"]}}],"collection":[{"href":"https:\/\/ehabcateringshop.de\/index.php?rest_route=\/wp\/v2\/product"}],"about":[{"href":"https:\/\/ehabcateringshop.de\/index.php?rest_route=\/wp\/v2\/types\/product"}],"wp:featuredmedia":[{"embeddable":true,"href":"https:\/\/ehabcateringshop.de\/index.php?rest_route=\/wp\/v2\/media\/3214"}],"wp:attachment":[{"href":"https:\/\/ehabcateringshop.de\/index.php?rest_route=%2Fwp%2Fv2%2Fmedia&parent=905"}],"wp:term":[{"taxonomy":"product_brand","embeddable":true,"href":"https:\/\/ehabcateringshop.de\/index.php?rest_route=%2Fwp%2Fv2%2Fproduct_brand&post=905"},{"taxonomy":"product_cat","embeddable":true,"href":"https:\/\/ehabcateringshop.de\/index.php?rest_route=%2Fwp%2Fv2%2Fproduct_cat&post=905"},{"taxonomy":"product_tag","embeddable":true,"href":"https:\/\/ehabcateringshop.de\/index.php?rest_route=%2Fwp%2Fv2%2Fproduct_tag&post=905"}],"curies":[{"name":"wp","href":"https:\/\/api.w.org\/{rel}","templated":true}]}}