{"id":877,"date":"2025-01-21T21:29:30","date_gmt":"2025-01-21T20:29:30","guid":{"rendered":"https:\/\/tonyshop2191.live-website.com\/?post_type=product&#038;p=877"},"modified":"2026-04-08T17:06:47","modified_gmt":"2026-04-08T16:06:47","slug":"kaese-obstspiesse","status":"publish","type":"product","link":"https:\/\/ehabcateringshop.de\/?product=kaese-obstspiesse","title":{"rendered":"K\u00e4se-Obstspie\u00dfe"},"content":{"rendered":"<p>deal f\u00fcr&#8230;<\/p>\n<p>Buffets &amp; Partys \u2013 bunte Abwechslung<br \/>\nHochzeiten &amp; Empf\u00e4nge \u2013 edles Fingerfood<br \/>\nGrillfeste \u2013 leichter Snack neben Fleisch<br \/>\nKindergeburtstage \u2013 auch f\u00fcr kleine G\u00e4ste<br \/>\nWeihnachtsfeiern \u2013 farbenfrohe H\u00e4ppchen<\/p>\n","protected":false},"excerpt":{"rendered":"<div class=\"Y3BBE\" data-sfc-cp=\"\" data-sfc-root=\"c\" data-sfc-cb=\"\" data-hveid=\"CAEIBBAA\" data-processed=\"true\" data-complete=\"true\"><strong class=\"Yjhzub\" data-sfc-root=\"c\" data-sfc-cb=\"\" data-complete=\"true\" data-processed=\"true\">Fingerfood<\/strong> in einer harmonischen Kombination: Unsere <strong class=\"Yjhzub\" data-sfc-root=\"c\" data-sfc-cb=\"\" data-complete=\"true\" data-processed=\"true\">K\u00e4se-Obstspie\u00dfe<\/strong> bieten ein abwechslungsreiches Spiel aus herzhaftem K\u00e4se und exotischer Fruchtigkeit. Jeder Spie\u00df ist best\u00fcckt mit w\u00fcrzigem K\u00e4se, einer fruchtigen <strong class=\"Yjhzub\" data-sfc-root=\"c\" data-sfc-cb=\"\" data-complete=\"true\" data-processed=\"true\">Ananas<\/strong>, s\u00fc\u00dfen <strong class=\"Yjhzub\" data-sfc-root=\"c\" data-sfc-cb=\"\" data-complete=\"true\" data-processed=\"true\">Weintrauben<\/strong> und einer dekorativen <strong class=\"Yjhzub\" data-sfc-root=\"c\" data-sfc-cb=\"\" data-complete=\"true\" data-processed=\"true\">Physalis<\/strong>. Der ideale leichte Snack f\u00fcr Ihr Buffet oder Ihren Sektempfang.<span class=\"uJ19be notranslate\" data-sfc-root=\"c\" data-wiz-uids=\"rSV6wb_z,rSV6wb_10\" data-sfc-cb=\"\" data-complete=\"true\" data-processed=\"true\"><span class=\"vKEkVd\" data-animation-atomic=\"\" data-wiz-attrbind=\"class=rSV6wb_y\/TKHnVd\" data-sae=\"\"><span aria-hidden=\"true\">\u00a0<\/span><\/span><\/span><\/div>\n<ul class=\"KsbFXc U6u95\" data-sfc-root=\"c\" data-sfc-cb=\"\" data-complete=\"true\" data-processed=\"true\">\n<li class=\"dF3vjf\" data-sfc-root=\"c\" data-sfc-cb=\"\" data-hveid=\"CAEIBRAA\" data-complete=\"true\" data-sae=\"\"><span class=\"T286Pc\" data-sfc-cp=\"\" data-sfc-root=\"c\" data-sfc-cb=\"\" data-complete=\"true\"><strong class=\"Yjhzub\" data-sfc-root=\"c\" data-sfc-cb=\"\" data-complete=\"true\">Allergene:<\/strong> Enth\u00e4lt Milch (Laktose). Vegetarisch. Glutenfrei.<\/span><\/li>\n<\/ul>\n","protected":false},"featured_media":878,"template":"","meta":{"_glsr_average":0,"_glsr_ranking":0,"_glsr_reviews":0},"product_brand":[],"product_cat":[39,68],"product_tag":[79,47],"class_list":{"0":"post-877","1":"product","2":"type-product","3":"status-publish","4":"has-post-thumbnail","6":"product_cat-fingerfood","7":"product_cat-fingerfood-vegetarisch","8":"product_tag-dessert","9":"product_tag-fingerfood","11":"first","12":"instock","13":"taxable","14":"shipping-taxable","15":"purchasable","16":"product-type-simple"},"ct_brands":[],"_links":{"self":[{"href":"https:\/\/ehabcateringshop.de\/index.php?rest_route=\/wp\/v2\/product\/877","targetHints":{"allow":["GET"]}}],"collection":[{"href":"https:\/\/ehabcateringshop.de\/index.php?rest_route=\/wp\/v2\/product"}],"about":[{"href":"https:\/\/ehabcateringshop.de\/index.php?rest_route=\/wp\/v2\/types\/product"}],"wp:featuredmedia":[{"embeddable":true,"href":"https:\/\/ehabcateringshop.de\/index.php?rest_route=\/wp\/v2\/media\/878"}],"wp:attachment":[{"href":"https:\/\/ehabcateringshop.de\/index.php?rest_route=%2Fwp%2Fv2%2Fmedia&parent=877"}],"wp:term":[{"taxonomy":"product_brand","embeddable":true,"href":"https:\/\/ehabcateringshop.de\/index.php?rest_route=%2Fwp%2Fv2%2Fproduct_brand&post=877"},{"taxonomy":"product_cat","embeddable":true,"href":"https:\/\/ehabcateringshop.de\/index.php?rest_route=%2Fwp%2Fv2%2Fproduct_cat&post=877"},{"taxonomy":"product_tag","embeddable":true,"href":"https:\/\/ehabcateringshop.de\/index.php?rest_route=%2Fwp%2Fv2%2Fproduct_tag&post=877"}],"curies":[{"name":"wp","href":"https:\/\/api.w.org\/{rel}","templated":true}]}}