{"id":66,"date":"2020-03-13T10:24:27","date_gmt":"2020-03-13T10:24:27","guid":{"rendered":"https:\/\/startersites.io\/blocksy\/modern-shop\/?post_type=product&#038;p=66"},"modified":"2026-04-21T21:10:16","modified_gmt":"2026-04-21T20:10:16","slug":"rote-gruetze-mit-vanillesosse","status":"publish","type":"product","link":"https:\/\/ehabcateringshop.de\/?product=rote-gruetze-mit-vanillesosse","title":{"rendered":"Rote Gr\u00fctze mit Vanillesauce (im Gl\u00e4schen)"},"content":{"rendered":"","protected":false},"excerpt":{"rendered":"<div class=\"Y3BBE\" data-sfc-cp=\"\" data-sfc-root=\"c\" data-sfc-cb=\"\" data-hveid=\"CAEIBRAA\" data-complete=\"true\" data-processed=\"true\">Fruchtiger <strong>Rote Gr\u00fctze mit Vanillesauce-<\/strong>Klassiker: Unsere hausgemachte Rote Gr\u00fctze besticht durch eine Auswahl erlesener Beeren und Fr\u00fcchte, die schonend eingekocht wurden. Serviert mit einer samtig-milden Vanillesauce in modernen Portionsgl\u00e4schen \u2013 die perfekte Kombination aus fruchtiger S\u00e4ure und cremiger S\u00fc\u00dfe.<\/div>\n<ul class=\"KsbFXc U6u95\" data-sfc-root=\"c\" data-sfc-cb=\"\" data-complete=\"true\" data-processed=\"true\">\n<li class=\"dF3vjf\" data-sfc-root=\"c\" data-sfc-cb=\"\" data-hveid=\"CAEIBhAA\" data-complete=\"true\" data-sae=\"\"><span class=\"T286Pc\" data-sfc-cp=\"\" data-sfc-root=\"c\" data-sfc-cb=\"\" data-complete=\"true\"><strong class=\"Yjhzub\" data-sfc-root=\"c\" data-sfc-cb=\"\" data-complete=\"true\">Empfehlung:<\/strong> Ideal als frischer Abschluss nach kr\u00e4ftigen <strong class=\"Yjhzub\" data-sfc-root=\"c\" data-sfc-cb=\"\" data-complete=\"true\">Hauptspeisen<\/strong>.<\/span><\/li>\n<li class=\"dF3vjf\" data-sfc-root=\"c\" data-sfc-cb=\"\" data-hveid=\"CAEIBhAB\" data-complete=\"true\" data-sae=\"\"><span class=\"T286Pc\" data-sfc-cp=\"\" data-sfc-root=\"c\" data-sfc-cb=\"\" data-complete=\"true\"><strong class=\"Yjhzub\" data-sfc-root=\"c\" data-sfc-cb=\"\" data-complete=\"true\">Allergene:<\/strong> Enth\u00e4lt Milch (Laktose). <strong class=\"Yjhzub\" data-sfc-root=\"c\" data-sfc-cb=\"\" data-complete=\"true\" aria-owns=\"action-menu-parent-container\">Vegetarisch &amp; Glutenfrei.<\/strong><\/span><\/li>\n<\/ul>\n","protected":false},"featured_media":2476,"template":"","meta":{"_glsr_average":0,"_glsr_ranking":0,"_glsr_reviews":0},"product_brand":[],"product_cat":[41],"product_tag":[79],"class_list":{"0":"post-66","1":"product","2":"type-product","3":"status-publish","4":"has-post-thumbnail","6":"product_cat-dessert","7":"product_tag-dessert","9":"first","10":"instock","11":"taxable","12":"shipping-taxable","13":"purchasable","14":"product-type-simple"},"ct_brands":[],"_links":{"self":[{"href":"https:\/\/ehabcateringshop.de\/index.php?rest_route=\/wp\/v2\/product\/66","targetHints":{"allow":["GET"]}}],"collection":[{"href":"https:\/\/ehabcateringshop.de\/index.php?rest_route=\/wp\/v2\/product"}],"about":[{"href":"https:\/\/ehabcateringshop.de\/index.php?rest_route=\/wp\/v2\/types\/product"}],"wp:featuredmedia":[{"embeddable":true,"href":"https:\/\/ehabcateringshop.de\/index.php?rest_route=\/wp\/v2\/media\/2476"}],"wp:attachment":[{"href":"https:\/\/ehabcateringshop.de\/index.php?rest_route=%2Fwp%2Fv2%2Fmedia&parent=66"}],"wp:term":[{"taxonomy":"product_brand","embeddable":true,"href":"https:\/\/ehabcateringshop.de\/index.php?rest_route=%2Fwp%2Fv2%2Fproduct_brand&post=66"},{"taxonomy":"product_cat","embeddable":true,"href":"https:\/\/ehabcateringshop.de\/index.php?rest_route=%2Fwp%2Fv2%2Fproduct_cat&post=66"},{"taxonomy":"product_tag","embeddable":true,"href":"https:\/\/ehabcateringshop.de\/index.php?rest_route=%2Fwp%2Fv2%2Fproduct_tag&post=66"}],"curies":[{"name":"wp","href":"https:\/\/api.w.org\/{rel}","templated":true}]}}