{"id":655,"date":"2025-01-11T16:17:40","date_gmt":"2025-01-11T16:17:40","guid":{"rendered":"https:\/\/tonyshop2191.live-website.com\/?post_type=product&#038;p=655"},"modified":"2026-04-12T18:32:22","modified_gmt":"2026-04-12T17:32:22","slug":"griechischer-hirtensalat","status":"publish","type":"product","link":"https:\/\/ehabcateringshop.de\/?product=griechischer-hirtensalat","title":{"rendered":"Griechischer Hirtensalat"},"content":{"rendered":"","protected":false},"excerpt":{"rendered":"<div class=\"Y3BBE\" data-sfc-cp=\"\" data-sfc-root=\"c\" data-sfc-cb=\"\" data-hveid=\"COQPEAA\" data-processed=\"true\">Urlaubsflair f\u00fcr Ihr Buffet: Unser herzhafter <strong class=\"Yjhzub\" data-sfc-root=\"c\" data-sfc-cb=\"\" data-processed=\"true\">Griechischer Hirtensalat<\/strong><strong class=\"Yjhzub\" data-sfc-root=\"c\" data-sfc-cb=\"\" data-processed=\"true\">Hirtensalat<\/strong> \u00fcberzeugt durch beste Zutaten und echte griechische Kr\u00e4uter. Knackiges Gem\u00fcse trifft auf die cremige Note von feinem Feta-K\u00e4se und das kr\u00e4ftige Aroma dunkler Oliven. Eine beliebte Beilage, die hervorragend zu unseren Fleischgerichten und orientalischen Spezialit\u00e4ten passt.<\/div>\n<ul class=\"KsbFXc U6u95\" data-sfc-root=\"c\" data-sfc-cb=\"\" data-processed=\"true\">\n<li class=\"dF3vjf\" data-sfc-root=\"c\" data-sfc-cb=\"\" data-hveid=\"COcPEAA\" data-processed=\"true\"><span class=\"T286Pc\" data-sfc-cp=\"\" data-sfc-root=\"c\" data-sfc-cb=\"\" data-processed=\"true\"><strong class=\"Yjhzub\" data-sfc-root=\"c\" data-sfc-cb=\"\" data-processed=\"true\">Allergene:<\/strong> Enth\u00e4lt Milch (Laktose). <strong class=\"Yjhzub\" data-sfc-root=\"c\" data-sfc-cb=\"\" data-processed=\"true\" aria-owns=\"action-menu-parent-container\">Vegetarisch &amp; Glutenfrei.<\/strong><\/span><\/li>\n<\/ul>\n","protected":false},"featured_media":2572,"template":"","meta":{"_glsr_average":0,"_glsr_ranking":0,"_glsr_reviews":0},"product_brand":[],"product_cat":[61,49],"product_tag":[60,62],"class_list":{"0":"post-655","1":"product","2":"type-product","3":"status-publish","4":"has-post-thumbnail","6":"product_cat-salat-vegetarisch","7":"product_cat-salate","8":"product_tag-salat","9":"product_tag-vegetarisch","11":"first","12":"instock","13":"taxable","14":"shipping-taxable","15":"purchasable","16":"product-type-variable"},"ct_brands":[],"_links":{"self":[{"href":"https:\/\/ehabcateringshop.de\/index.php?rest_route=\/wp\/v2\/product\/655","targetHints":{"allow":["GET"]}}],"collection":[{"href":"https:\/\/ehabcateringshop.de\/index.php?rest_route=\/wp\/v2\/product"}],"about":[{"href":"https:\/\/ehabcateringshop.de\/index.php?rest_route=\/wp\/v2\/types\/product"}],"wp:featuredmedia":[{"embeddable":true,"href":"https:\/\/ehabcateringshop.de\/index.php?rest_route=\/wp\/v2\/media\/2572"}],"wp:attachment":[{"href":"https:\/\/ehabcateringshop.de\/index.php?rest_route=%2Fwp%2Fv2%2Fmedia&parent=655"}],"wp:term":[{"taxonomy":"product_brand","embeddable":true,"href":"https:\/\/ehabcateringshop.de\/index.php?rest_route=%2Fwp%2Fv2%2Fproduct_brand&post=655"},{"taxonomy":"product_cat","embeddable":true,"href":"https:\/\/ehabcateringshop.de\/index.php?rest_route=%2Fwp%2Fv2%2Fproduct_cat&post=655"},{"taxonomy":"product_tag","embeddable":true,"href":"https:\/\/ehabcateringshop.de\/index.php?rest_route=%2Fwp%2Fv2%2Fproduct_tag&post=655"}],"curies":[{"name":"wp","href":"https:\/\/api.w.org\/{rel}","templated":true}]}}