{"id":647,"date":"2025-01-11T15:58:19","date_gmt":"2025-01-11T15:58:19","guid":{"rendered":"https:\/\/tonyshop2191.live-website.com\/?post_type=product&#038;p=647"},"modified":"2026-04-08T21:08:08","modified_gmt":"2026-04-08T20:08:08","slug":"fattousch-salat","status":"publish","type":"product","link":"https:\/\/ehabcateringshop.de\/?product=fattousch-salat","title":{"rendered":"Fattusch Salat"},"content":{"rendered":"","protected":false},"excerpt":{"rendered":"<p>Orientalischer Fattusch Salat mit knackigem Gem\u00fcse, ger\u00f6stetem Fladenbrot und frischem Sumac-Dressing. Wahlweise im Glas (perfekt als Fingerfood) oder in der Sch\u00fcssel (klassisch serviert)<\/p>\n<p>Allergene:<\/p>\n<ul>\n<li>Enth\u00e4lt: Gluten (im Fladenbrot)<\/li>\n<\/ul>\n","protected":false},"featured_media":1727,"template":"","meta":{"_glsr_average":0,"_glsr_ranking":0,"_glsr_reviews":0},"product_brand":[],"product_cat":[59,49],"product_tag":[60,56,62],"class_list":{"0":"post-647","1":"product","2":"type-product","3":"status-publish","4":"has-post-thumbnail","6":"product_cat-salat-vegan","7":"product_cat-salate","8":"product_tag-salat","9":"product_tag-vegan","10":"product_tag-vegetarisch","12":"first","13":"instock","14":"taxable","15":"shipping-taxable","16":"purchasable","17":"product-type-variable"},"ct_brands":[],"_links":{"self":[{"href":"https:\/\/ehabcateringshop.de\/index.php?rest_route=\/wp\/v2\/product\/647","targetHints":{"allow":["GET"]}}],"collection":[{"href":"https:\/\/ehabcateringshop.de\/index.php?rest_route=\/wp\/v2\/product"}],"about":[{"href":"https:\/\/ehabcateringshop.de\/index.php?rest_route=\/wp\/v2\/types\/product"}],"wp:featuredmedia":[{"embeddable":true,"href":"https:\/\/ehabcateringshop.de\/index.php?rest_route=\/wp\/v2\/media\/1727"}],"wp:attachment":[{"href":"https:\/\/ehabcateringshop.de\/index.php?rest_route=%2Fwp%2Fv2%2Fmedia&parent=647"}],"wp:term":[{"taxonomy":"product_brand","embeddable":true,"href":"https:\/\/ehabcateringshop.de\/index.php?rest_route=%2Fwp%2Fv2%2Fproduct_brand&post=647"},{"taxonomy":"product_cat","embeddable":true,"href":"https:\/\/ehabcateringshop.de\/index.php?rest_route=%2Fwp%2Fv2%2Fproduct_cat&post=647"},{"taxonomy":"product_tag","embeddable":true,"href":"https:\/\/ehabcateringshop.de\/index.php?rest_route=%2Fwp%2Fv2%2Fproduct_tag&post=647"}],"curies":[{"name":"wp","href":"https:\/\/api.w.org\/{rel}","templated":true}]}}