{"id":3260,"date":"2026-04-23T08:38:03","date_gmt":"2026-04-23T07:38:03","guid":{"rendered":"https:\/\/ehabcateringshop.de\/?post_type=product&#038;p=3260"},"modified":"2026-04-23T08:38:03","modified_gmt":"2026-04-23T07:38:03","slug":"crostini-mit-schweinefilet","status":"publish","type":"product","link":"https:\/\/ehabcateringshop.de\/?product=crostini-mit-schweinefilet","title":{"rendered":"Crostini mit Schweinefilet &#038; K\u00e4se-Kr\u00e4uter-Kruste"},"content":{"rendered":"","protected":false},"excerpt":{"rendered":"<p><strong class=\"Yjhzub\" data-sfc-root=\"c\" data-sfc-cb=\"\" data-complete=\"true\" data-processed=\"true\">Edles Fingerfood: Crostini mit Schweinefilet &amp; K\u00e4se-Kr\u00e4uter-Kruste<\/strong><br data-sfc-root=\"c\" data-sfc-pl=\"|[]\" data-sfc-cb=\"\" data-complete=\"true\" data-processed=\"true\" \/>Ein luxuri\u00f6ser Happen f\u00fcr Ihren Empfang: Auf einer kross ger\u00f6steten Baguettescheibe servieren wir ein zartes Medaillon vom <strong class=\"Yjhzub\" data-sfc-root=\"c\" data-sfc-cb=\"\" data-complete=\"true\" data-processed=\"true\">Schweinefilet<\/strong>, das unter einer w\u00fcrzigen <strong class=\"Yjhzub\" data-sfc-root=\"c\" data-sfc-cb=\"\" data-complete=\"true\" data-processed=\"true\">K\u00e4se-Kr\u00e4uter-Kruste<\/strong> goldbraun gratiniert wurde. Die Kombination aus dem saftigen Fleisch, der knusprigen Kruste und dem krossen Brot sorgt f\u00fcr ein exklusives Geschmackserlebnis. Perfekt portioniert und ideal f\u00fcr Stehempf\u00e4nge oder gehobene Events.<\/p>\n<ul>\n<li class=\"Z1qcYe\" data-sfc-cp=\"\" data-sfc-root=\"c\" data-sfc-cb=\"\" data-hveid=\"CAEIBxAB\" data-complete=\"true\" data-sae=\"\"><span class=\"T286Pc\" data-sfc-cp=\"\" data-sfc-root=\"c\" data-sfc-cb=\"\" data-complete=\"true\"><strong class=\"Yjhzub\" data-sfc-root=\"c\" data-sfc-cb=\"\" data-complete=\"true\">Allergene:<\/strong> Enth\u00e4lt Gluten (Weizen), Milch (Laktose).<\/span><\/li>\n<\/ul>\n","protected":false},"featured_media":3261,"template":"","meta":{"_glsr_average":0,"_glsr_ranking":0,"_glsr_reviews":0},"product_brand":[],"product_cat":[71,39],"product_tag":[47,232],"class_list":{"0":"post-3260","1":"product","2":"type-product","3":"status-publish","4":"has-post-thumbnail","6":"product_cat-fingerfood-fleisch","7":"product_cat-fingerfood","8":"product_tag-fingerfood","9":"product_tag-fleisch","11":"first","12":"instock","13":"taxable","14":"shipping-taxable","15":"purchasable","16":"product-type-simple"},"ct_brands":[],"_links":{"self":[{"href":"https:\/\/ehabcateringshop.de\/index.php?rest_route=\/wp\/v2\/product\/3260","targetHints":{"allow":["GET"]}}],"collection":[{"href":"https:\/\/ehabcateringshop.de\/index.php?rest_route=\/wp\/v2\/product"}],"about":[{"href":"https:\/\/ehabcateringshop.de\/index.php?rest_route=\/wp\/v2\/types\/product"}],"wp:featuredmedia":[{"embeddable":true,"href":"https:\/\/ehabcateringshop.de\/index.php?rest_route=\/wp\/v2\/media\/3261"}],"wp:attachment":[{"href":"https:\/\/ehabcateringshop.de\/index.php?rest_route=%2Fwp%2Fv2%2Fmedia&parent=3260"}],"wp:term":[{"taxonomy":"product_brand","embeddable":true,"href":"https:\/\/ehabcateringshop.de\/index.php?rest_route=%2Fwp%2Fv2%2Fproduct_brand&post=3260"},{"taxonomy":"product_cat","embeddable":true,"href":"https:\/\/ehabcateringshop.de\/index.php?rest_route=%2Fwp%2Fv2%2Fproduct_cat&post=3260"},{"taxonomy":"product_tag","embeddable":true,"href":"https:\/\/ehabcateringshop.de\/index.php?rest_route=%2Fwp%2Fv2%2Fproduct_tag&post=3260"}],"curies":[{"name":"wp","href":"https:\/\/api.w.org\/{rel}","templated":true}]}}