{"id":2492,"date":"2026-04-10T19:29:58","date_gmt":"2026-04-10T18:29:58","guid":{"rendered":"https:\/\/ehabcateringshop.de\/?post_type=product&#038;p=2492"},"modified":"2026-04-10T21:29:34","modified_gmt":"2026-04-10T20:29:34","slug":"kuerbiscremesuppe","status":"publish","type":"product","link":"https:\/\/ehabcateringshop.de\/?product=kuerbiscremesuppe","title":{"rendered":"K\u00fcrbiscremesuppe mit Kernen &#038; K\u00fcrbis\u00f6l"},"content":{"rendered":"","protected":false},"excerpt":{"rendered":"<div class=\"Y3BBE\" data-sfc-cp=\"\" data-sfc-root=\"c\" data-sfc-cb=\"\" data-hveid=\"CAEIBhAA\" data-complete=\"true\" data-processed=\"true\">Der herbstliche Klassiker f\u00fcr Ihr Event: Unsere <strong class=\"Yjhzub\" data-sfc-root=\"c\" data-sfc-cb=\"\" data-complete=\"true\" data-processed=\"true\">K\u00fcrbiscremesuppe<\/strong> wird aus frischem Hokkaido-K\u00fcrbis zubereitet und mit feinen Gew\u00fcrzen cremig abgeschmeckt. Serviert mit hochwertigem steirischen <strong>K\u00fcrbis\u00f6l<\/strong> und ger\u00f6steten <strong>K\u00fcrbiskernen<\/strong> f\u00fcr das perfekte nussige Aroma. Wir liefern die Suppe hei\u00df und servierfertig im professionellen W\u00e4rmebeh\u00e4lter direkt zu Ihrem Buffet.<\/div>\n<ul class=\"KsbFXc U6u95\" data-sfc-root=\"c\" data-sfc-cb=\"\" data-complete=\"true\" data-processed=\"true\">\n<li class=\"dF3vjf\" data-sfc-root=\"c\" data-sfc-cb=\"\" data-hveid=\"CAEIBxAA\" data-complete=\"true\" data-sae=\"\"><span class=\"T286Pc\" data-sfc-cp=\"\" data-sfc-root=\"c\" data-sfc-cb=\"\" data-complete=\"true\"><strong class=\"Yjhzub\" data-sfc-root=\"c\" data-sfc-cb=\"\" data-complete=\"true\">Empfehlung:<\/strong> Passt hervorragend zu unseren <strong class=\"Yjhzub\" data-sfc-root=\"c\" data-sfc-cb=\"\" data-complete=\"true\">Mini-Buttercroissants<\/strong>.<\/span><\/li>\n<li class=\"dF3vjf\" data-sfc-root=\"c\" data-sfc-cb=\"\" data-hveid=\"CAEIBxAB\" data-complete=\"true\" data-sae=\"\"><span class=\"T286Pc\" data-sfc-cp=\"\" data-sfc-root=\"c\" data-sfc-cb=\"\" data-complete=\"true\" aria-owns=\"action-menu-parent-container\"><strong class=\"Yjhzub\" data-sfc-root=\"c\" data-sfc-cb=\"\" data-complete=\"true\">Allergene:<\/strong> Enth\u00e4lt Milch (Laktose). Vegetarisch &amp; Glutenfrei.<\/span><\/li>\n<\/ul>\n","protected":false},"featured_media":2502,"template":"","meta":{"_glsr_average":0,"_glsr_ranking":0,"_glsr_reviews":0},"product_brand":[],"product_cat":[46,85],"product_tag":[53,62],"class_list":{"0":"post-2492","1":"product","2":"type-product","3":"status-publish","4":"has-post-thumbnail","6":"product_cat-suppen","7":"product_cat-suppen-vegetarisch","8":"product_tag-suppen","9":"product_tag-vegetarisch","11":"first","12":"instock","13":"taxable","14":"shipping-taxable","15":"purchasable","16":"product-type-simple"},"ct_brands":[],"_links":{"self":[{"href":"https:\/\/ehabcateringshop.de\/index.php?rest_route=\/wp\/v2\/product\/2492","targetHints":{"allow":["GET"]}}],"collection":[{"href":"https:\/\/ehabcateringshop.de\/index.php?rest_route=\/wp\/v2\/product"}],"about":[{"href":"https:\/\/ehabcateringshop.de\/index.php?rest_route=\/wp\/v2\/types\/product"}],"wp:featuredmedia":[{"embeddable":true,"href":"https:\/\/ehabcateringshop.de\/index.php?rest_route=\/wp\/v2\/media\/2502"}],"wp:attachment":[{"href":"https:\/\/ehabcateringshop.de\/index.php?rest_route=%2Fwp%2Fv2%2Fmedia&parent=2492"}],"wp:term":[{"taxonomy":"product_brand","embeddable":true,"href":"https:\/\/ehabcateringshop.de\/index.php?rest_route=%2Fwp%2Fv2%2Fproduct_brand&post=2492"},{"taxonomy":"product_cat","embeddable":true,"href":"https:\/\/ehabcateringshop.de\/index.php?rest_route=%2Fwp%2Fv2%2Fproduct_cat&post=2492"},{"taxonomy":"product_tag","embeddable":true,"href":"https:\/\/ehabcateringshop.de\/index.php?rest_route=%2Fwp%2Fv2%2Fproduct_tag&post=2492"}],"curies":[{"name":"wp","href":"https:\/\/api.w.org\/{rel}","templated":true}]}}