{"id":2180,"date":"2026-04-03T19:31:17","date_gmt":"2026-04-03T18:31:17","guid":{"rendered":"https:\/\/ehabcateringshop.de\/?post_type=product&#038;p=2180"},"modified":"2026-04-12T20:40:24","modified_gmt":"2026-04-12T19:40:24","slug":"rotbarschfilet-in-bierteig","status":"publish","type":"product","link":"https:\/\/ehabcateringshop.de\/?product=rotbarschfilet-in-bierteig","title":{"rendered":"Gebackenes Rotbarschfilet in Bierteig"},"content":{"rendered":"","protected":false},"excerpt":{"rendered":"<div class=\"Y3BBE\" data-sfc-cp=\"\" data-sfc-root=\"c\" data-sfc-cb=\"\" data-hveid=\"CAEIAxAA\" data-complete=\"true\" data-processed=\"true\">Ein herzhaftes Highlight f\u00fcr Fischliebhaber: Unsere <strong>Gebackenes Rotbarschfilet in Bierteig<\/strong> werden in einem hausgemachten, luftigen <strong class=\"Yjhzub\" data-sfc-root=\"c\" data-sfc-cb=\"\" data-complete=\"true\" data-processed=\"true\">Bierteig<\/strong> gewendet und goldbraun ausgebacken. Die Panade schlie\u00dft den Fisch perfekt ein, sodass das Filet im Inneren wunderbar saftig und zart bleibt. Ein klassisches Hauptgericht, das durch seine Knusprigkeit und den feinen Geschmack \u00fcberzeugt. Wir liefern den Fisch hei\u00df und servierfertig im professionellen W\u00e4rmebeh\u00e4lter direkt zu Ihrem Buffet.<\/div>\n<ul class=\"KsbFXc U6u95\" data-sfc-root=\"c\" data-sfc-cb=\"\" data-complete=\"true\" data-processed=\"true\">\n<li class=\"dF3vjf\" data-sfc-root=\"c\" data-sfc-cb=\"\" data-hveid=\"CAEIBBAA\" data-complete=\"true\" data-sae=\"\"><span class=\"T286Pc\" data-sfc-cp=\"\" data-sfc-root=\"c\" data-sfc-cb=\"\" data-complete=\"true\"><strong class=\"Yjhzub\" data-sfc-root=\"c\" data-sfc-cb=\"\" data-complete=\"true\">Besonderheit:<\/strong> Besonders krosse Kruste durch echtes Brauerei-Bier im Teig.<\/span><\/li>\n<li class=\"dF3vjf\" data-sfc-root=\"c\" data-sfc-cb=\"\" data-hveid=\"CAEIBBAB\" data-complete=\"true\" data-sae=\"\"><span class=\"T286Pc\" data-sfc-cp=\"\" data-sfc-root=\"c\" data-sfc-cb=\"\" data-complete=\"true\"><strong class=\"Yjhzub\" data-sfc-root=\"c\" data-sfc-cb=\"\" data-complete=\"true\">Empfehlung:<\/strong> Wir empfehlen dazu unsere hausgemachte <strong class=\"Yjhzub\" data-sfc-root=\"c\" data-sfc-cb=\"\" data-complete=\"true\">Remoulade<\/strong> und Kartoffelsalat.<\/span><\/li>\n<li class=\"dF3vjf\" data-sfc-root=\"c\" data-sfc-cb=\"\" data-hveid=\"CAEIBBAC\" data-complete=\"true\" data-sae=\"\"><span class=\"T286Pc\" data-sfc-cp=\"\" data-sfc-root=\"c\" data-sfc-cb=\"\" data-complete=\"true\" aria-owns=\"action-menu-parent-container\"><strong class=\"Yjhzub\" data-sfc-root=\"c\" data-sfc-cb=\"\" data-complete=\"true\">Allergene:<\/strong> Enth\u00e4lt Fisch, Gluten (Weizen\/Gerstenmalz), Eier.<\/span><\/li>\n<\/ul>\n","protected":false},"featured_media":2181,"template":"","meta":{"_glsr_average":0,"_glsr_ranking":0,"_glsr_reviews":0},"product_brand":[],"product_cat":[45,249],"product_tag":[],"class_list":{"0":"post-2180","1":"product","2":"type-product","3":"status-publish","4":"has-post-thumbnail","6":"product_cat-hauptspeisen","7":"product_cat-hauptspeisen-fisch","9":"first","10":"instock","11":"taxable","12":"shipping-taxable","13":"purchasable","14":"product-type-simple"},"ct_brands":[],"_links":{"self":[{"href":"https:\/\/ehabcateringshop.de\/index.php?rest_route=\/wp\/v2\/product\/2180","targetHints":{"allow":["GET"]}}],"collection":[{"href":"https:\/\/ehabcateringshop.de\/index.php?rest_route=\/wp\/v2\/product"}],"about":[{"href":"https:\/\/ehabcateringshop.de\/index.php?rest_route=\/wp\/v2\/types\/product"}],"wp:featuredmedia":[{"embeddable":true,"href":"https:\/\/ehabcateringshop.de\/index.php?rest_route=\/wp\/v2\/media\/2181"}],"wp:attachment":[{"href":"https:\/\/ehabcateringshop.de\/index.php?rest_route=%2Fwp%2Fv2%2Fmedia&parent=2180"}],"wp:term":[{"taxonomy":"product_brand","embeddable":true,"href":"https:\/\/ehabcateringshop.de\/index.php?rest_route=%2Fwp%2Fv2%2Fproduct_brand&post=2180"},{"taxonomy":"product_cat","embeddable":true,"href":"https:\/\/ehabcateringshop.de\/index.php?rest_route=%2Fwp%2Fv2%2Fproduct_cat&post=2180"},{"taxonomy":"product_tag","embeddable":true,"href":"https:\/\/ehabcateringshop.de\/index.php?rest_route=%2Fwp%2Fv2%2Fproduct_tag&post=2180"}],"curies":[{"name":"wp","href":"https:\/\/api.w.org\/{rel}","templated":true}]}}