{"id":2112,"date":"2026-04-02T11:55:30","date_gmt":"2026-04-02T10:55:30","guid":{"rendered":"https:\/\/ehabcateringshop.de\/?post_type=product&#038;p=2112"},"modified":"2026-04-12T20:51:40","modified_gmt":"2026-04-12T19:51:40","slug":"maultaschen","status":"publish","type":"product","link":"https:\/\/ehabcateringshop.de\/?product=maultaschen","title":{"rendered":"Gebratene Maultaschen mit Zwiebeln &#038; Gem\u00fcse"},"content":{"rendered":"","protected":false},"excerpt":{"rendered":"<div class=\"Y3BBE\" data-sfc-cp=\"\" data-sfc-root=\"c\" data-sfc-cb=\"\" data-hveid=\"CAEIAxAA\" data-complete=\"true\" data-processed=\"true\">Ein echter Klassiker der regionalen K\u00fcche: Unsere <strong class=\"Yjhzub\" data-sfc-root=\"c\" data-sfc-cb=\"\" data-complete=\"true\" data-processed=\"true\">gebratenen Maultaschen<\/strong> werden in feine Streifen geschnitten und zusammen mit goldbraun karamellisierten <strong class=\"Yjhzub\" data-sfc-root=\"c\" data-sfc-cb=\"\" data-complete=\"true\" data-processed=\"true\">Zwiebeln<\/strong> und knackigen <strong class=\"Yjhzub\" data-sfc-root=\"c\" data-sfc-cb=\"\" data-complete=\"true\" data-processed=\"true\">Gem\u00fcsestreifen<\/strong> (Paprika, Lauch und Karotten) in der Pfanne geschwenkt. Durch das Anbraten erhalten die Maultaschen ein wunderbares R\u00f6staroma, w\u00e4hrend das Gem\u00fcse f\u00fcr Frische und Farbe sorgt. Ein ehrliches, s\u00e4ttigendes Hauptgericht, das wir hei\u00df und servierfertig im professionellen W\u00e4rmebeh\u00e4lter direkt auf Ihr Buffet liefern.<\/div>\n<ul class=\"KsbFXc U6u95\" data-sfc-root=\"c\" data-sfc-cb=\"\" data-complete=\"true\" data-processed=\"true\">\n<li class=\"dF3vjf\" data-sfc-root=\"c\" data-sfc-cb=\"\" data-hveid=\"CAEIBBAA\" data-complete=\"true\" data-sae=\"\"><span class=\"T286Pc\" data-sfc-cp=\"\" data-sfc-root=\"c\" data-sfc-cb=\"\" data-complete=\"true\"><strong class=\"Yjhzub\" data-sfc-root=\"c\" data-sfc-cb=\"\" data-complete=\"true\">Besonderheit:<\/strong> Herzhafte R\u00f6staromen und frisches Marktgem\u00fcse.<\/span><\/li>\n<li class=\"dF3vjf\" data-sfc-root=\"c\" data-sfc-cb=\"\" data-hveid=\"CAEIBBAB\" data-complete=\"true\" data-sae=\"\"><span class=\"T286Pc\" data-sfc-cp=\"\" data-sfc-root=\"c\" data-sfc-cb=\"\" data-complete=\"true\" aria-owns=\"action-menu-parent-container\"><strong class=\"Yjhzub\" data-sfc-root=\"c\" data-sfc-cb=\"\" data-complete=\"true\">Allergene:<\/strong> Enth\u00e4lt Gluten (Weizen), Eier, Milch (Laktose), Sellerie.<\/span><\/li>\n<\/ul>\n","protected":false},"featured_media":2113,"template":"","meta":{"_glsr_average":0,"_glsr_ranking":0,"_glsr_reviews":0},"product_brand":[],"product_cat":[45,65],"product_tag":[64,62],"class_list":{"0":"post-2112","1":"product","2":"type-product","3":"status-publish","4":"has-post-thumbnail","6":"product_cat-hauptspeisen","7":"product_cat-hauptspeisen-vegetarisch","8":"product_tag-hauptspeisen","9":"product_tag-vegetarisch","11":"first","12":"instock","13":"taxable","14":"shipping-taxable","15":"purchasable","16":"product-type-simple"},"ct_brands":[],"_links":{"self":[{"href":"https:\/\/ehabcateringshop.de\/index.php?rest_route=\/wp\/v2\/product\/2112","targetHints":{"allow":["GET"]}}],"collection":[{"href":"https:\/\/ehabcateringshop.de\/index.php?rest_route=\/wp\/v2\/product"}],"about":[{"href":"https:\/\/ehabcateringshop.de\/index.php?rest_route=\/wp\/v2\/types\/product"}],"wp:featuredmedia":[{"embeddable":true,"href":"https:\/\/ehabcateringshop.de\/index.php?rest_route=\/wp\/v2\/media\/2113"}],"wp:attachment":[{"href":"https:\/\/ehabcateringshop.de\/index.php?rest_route=%2Fwp%2Fv2%2Fmedia&parent=2112"}],"wp:term":[{"taxonomy":"product_brand","embeddable":true,"href":"https:\/\/ehabcateringshop.de\/index.php?rest_route=%2Fwp%2Fv2%2Fproduct_brand&post=2112"},{"taxonomy":"product_cat","embeddable":true,"href":"https:\/\/ehabcateringshop.de\/index.php?rest_route=%2Fwp%2Fv2%2Fproduct_cat&post=2112"},{"taxonomy":"product_tag","embeddable":true,"href":"https:\/\/ehabcateringshop.de\/index.php?rest_route=%2Fwp%2Fv2%2Fproduct_tag&post=2112"}],"curies":[{"name":"wp","href":"https:\/\/api.w.org\/{rel}","templated":true}]}}