{"id":2060,"date":"2026-04-01T13:26:38","date_gmt":"2026-04-01T12:26:38","guid":{"rendered":"https:\/\/ehabcateringshop.de\/?post_type=product&#038;p=2060"},"modified":"2026-04-08T21:20:34","modified_gmt":"2026-04-08T20:20:34","slug":"belegte-halbe-broetchen-serranoschinken","status":"publish","type":"product","link":"https:\/\/ehabcateringshop.de\/?product=belegte-halbe-broetchen-serranoschinken","title":{"rendered":"Belegte halbe Br\u00f6tchen mit Gegrilltes Gem\u00fcse &#038; Guacamole"},"content":{"rendered":"","protected":false},"excerpt":{"rendered":"<p>Frisch belegte halbe Br\u00f6tchen mit gegrilltem Gem\u00fcse und cremiger Guacamole \u2013 auf hellem oder dunklem K\u00f6rnerbr\u00f6tchen, mit Butter &amp; Lollo Rosso.<\/p>\n<p class=\"ds-markdown-paragraph\"><strong>Allergene:<\/strong><\/p>\n<ul>\n<li>\n<p class=\"ds-markdown-paragraph\">Enth\u00e4lt: Gluten, Milchprodukte<\/p>\n<\/li>\n<\/ul>\n","protected":false},"featured_media":2100,"template":"","meta":{"_glsr_average":0,"_glsr_ranking":0,"_glsr_reviews":0},"product_brand":[],"product_cat":[48,245],"product_tag":[241,56],"class_list":{"0":"post-2060","1":"product","2":"type-product","3":"status-publish","4":"has-post-thumbnail","6":"product_cat-belegte-brotchen","7":"product_cat-belegte-broetchen-vegan","8":"product_tag-belegte-broetchen","9":"product_tag-vegan","11":"first","12":"instock","13":"purchasable","14":"product-type-variable","15":"has-default-attributes"},"ct_brands":[],"_links":{"self":[{"href":"https:\/\/ehabcateringshop.de\/index.php?rest_route=\/wp\/v2\/product\/2060","targetHints":{"allow":["GET"]}}],"collection":[{"href":"https:\/\/ehabcateringshop.de\/index.php?rest_route=\/wp\/v2\/product"}],"about":[{"href":"https:\/\/ehabcateringshop.de\/index.php?rest_route=\/wp\/v2\/types\/product"}],"wp:featuredmedia":[{"embeddable":true,"href":"https:\/\/ehabcateringshop.de\/index.php?rest_route=\/wp\/v2\/media\/2100"}],"wp:attachment":[{"href":"https:\/\/ehabcateringshop.de\/index.php?rest_route=%2Fwp%2Fv2%2Fmedia&parent=2060"}],"wp:term":[{"taxonomy":"product_brand","embeddable":true,"href":"https:\/\/ehabcateringshop.de\/index.php?rest_route=%2Fwp%2Fv2%2Fproduct_brand&post=2060"},{"taxonomy":"product_cat","embeddable":true,"href":"https:\/\/ehabcateringshop.de\/index.php?rest_route=%2Fwp%2Fv2%2Fproduct_cat&post=2060"},{"taxonomy":"product_tag","embeddable":true,"href":"https:\/\/ehabcateringshop.de\/index.php?rest_route=%2Fwp%2Fv2%2Fproduct_tag&post=2060"}],"curies":[{"name":"wp","href":"https:\/\/api.w.org\/{rel}","templated":true}]}}