{"id":2050,"date":"2026-04-01T11:47:09","date_gmt":"2026-04-01T10:47:09","guid":{"rendered":"https:\/\/ehabcateringshop.de\/?post_type=product&#038;p=2050"},"modified":"2026-04-08T21:22:07","modified_gmt":"2026-04-08T20:22:07","slug":"belegte-halbe-broetchen-mit-ruehrei","status":"publish","type":"product","link":"https:\/\/ehabcateringshop.de\/?product=belegte-halbe-broetchen-mit-ruehrei","title":{"rendered":"Belegte halbe Br\u00f6tchen mit R\u00fchrei &#038; Pastirma"},"content":{"rendered":"<p class=\"ds-markdown-paragraph\">\u00a0<\/p>\n<p>\u00a0 \u00a0 \u00a0 \u00a0 \u00a0 \u00a0 \u00a0 \u00a0<\/p>\n","protected":false},"excerpt":{"rendered":"<p>Frisch belegte halbe Br\u00f6tchen mit cremigem R\u00fchrei und w\u00fcrziger Pastirma \u2013 auf hellem oder dunklem K\u00f6rnerbr\u00f6tchen, mit Butter &amp; Lollo Rosso.<\/p>\n<p class=\"ds-markdown-paragraph\"><strong>Allergene:<\/strong><\/p>\n<ul>\n<li>\n<p class=\"ds-markdown-paragraph\">Enth\u00e4lt: Gluten, Milchprodukte, Ei<\/p>\n<\/li>\n<\/ul>\n","protected":false},"featured_media":2053,"template":"","meta":{"_glsr_average":0,"_glsr_ranking":0,"_glsr_reviews":0},"product_brand":[],"product_cat":[48,244],"product_tag":[241,72],"class_list":{"0":"post-2050","1":"product","2":"type-product","3":"status-publish","4":"has-post-thumbnail","6":"product_cat-belegte-brotchen","7":"product_cat-belegte-broetchen-wurst-ei","8":"product_tag-belegte-broetchen","9":"product_tag-fleich","11":"first","12":"instock","13":"purchasable","14":"product-type-variable"},"ct_brands":[],"_links":{"self":[{"href":"https:\/\/ehabcateringshop.de\/index.php?rest_route=\/wp\/v2\/product\/2050","targetHints":{"allow":["GET"]}}],"collection":[{"href":"https:\/\/ehabcateringshop.de\/index.php?rest_route=\/wp\/v2\/product"}],"about":[{"href":"https:\/\/ehabcateringshop.de\/index.php?rest_route=\/wp\/v2\/types\/product"}],"wp:featuredmedia":[{"embeddable":true,"href":"https:\/\/ehabcateringshop.de\/index.php?rest_route=\/wp\/v2\/media\/2053"}],"wp:attachment":[{"href":"https:\/\/ehabcateringshop.de\/index.php?rest_route=%2Fwp%2Fv2%2Fmedia&parent=2050"}],"wp:term":[{"taxonomy":"product_brand","embeddable":true,"href":"https:\/\/ehabcateringshop.de\/index.php?rest_route=%2Fwp%2Fv2%2Fproduct_brand&post=2050"},{"taxonomy":"product_cat","embeddable":true,"href":"https:\/\/ehabcateringshop.de\/index.php?rest_route=%2Fwp%2Fv2%2Fproduct_cat&post=2050"},{"taxonomy":"product_tag","embeddable":true,"href":"https:\/\/ehabcateringshop.de\/index.php?rest_route=%2Fwp%2Fv2%2Fproduct_tag&post=2050"}],"curies":[{"name":"wp","href":"https:\/\/api.w.org\/{rel}","templated":true}]}}