{"id":1596,"date":"2026-03-08T20:23:47","date_gmt":"2026-03-08T19:23:47","guid":{"rendered":"https:\/\/tonyshop2191.live-website.com\/?post_type=product&#038;p=1596"},"modified":"2026-04-12T22:31:20","modified_gmt":"2026-04-12T21:31:20","slug":"kuerbis-kartoffel-gratin","status":"publish","type":"product","link":"https:\/\/ehabcateringshop.de\/?product=kuerbis-kartoffel-gratin","title":{"rendered":"K\u00fcrbis Kartoffel Gratin"},"content":{"rendered":"","protected":false},"excerpt":{"rendered":"<div class=\"Y3BBE\" data-sfc-cp=\"\" data-sfc-root=\"c\" data-sfc-cb=\"\" data-hveid=\"CAEIBBAA\" data-complete=\"true\" data-processed=\"true\">Die perfekte Kombination aus herbstlichen Aromen: Unser <strong class=\"Yjhzub\" data-sfc-root=\"c\" data-sfc-cb=\"\" data-complete=\"true\" data-processed=\"true\">K\u00fcrbis-Kartoffel-Gratin<\/strong> besticht durch hauchd\u00fcnne Scheiben von vorwiegend festkochenden Kartoffeln und aromatischem <strong class=\"Yjhzub\" data-sfc-root=\"c\" data-sfc-cb=\"\" data-complete=\"true\" data-processed=\"true\">Hokkaido-K\u00fcrbis<\/strong>. In einer w\u00fcrzigen Sahne-Sauce mit einem Hauch von Muskat gegart und mit einer herzhaften Mischung aus <strong class=\"Yjhzub\" data-sfc-root=\"c\" data-sfc-cb=\"\" data-complete=\"true\" data-processed=\"true\">Emmentaler und Mozzarella<\/strong> im Ofen goldbraun gratiniert. Ein cremiger Genuss, den wir hei\u00df und servierfertig im professionellen W\u00e4rmebeh\u00e4lter direkt zu Ihrem Buffet liefern.<\/div>\n<ul class=\"KsbFXc U6u95\" data-sfc-root=\"c\" data-sfc-cb=\"\" data-complete=\"true\" data-processed=\"true\">\n<li class=\"dF3vjf\" data-sfc-root=\"c\" data-sfc-cb=\"\" data-hveid=\"CAEIBRAA\" data-complete=\"true\" data-sae=\"\"><span class=\"T286Pc\" data-sfc-cp=\"\" data-sfc-root=\"c\" data-sfc-cb=\"\" data-complete=\"true\"><strong class=\"Yjhzub\" data-sfc-root=\"c\" data-sfc-cb=\"\" data-complete=\"true\">Beilagen-Empfehlung:<\/strong> Eine exzellente Begleitung zu unseren <strong class=\"Yjhzub\" data-sfc-root=\"c\" data-sfc-cb=\"\" data-complete=\"true\">Entenkeulen<\/strong> oder als vegetarischer Star neben unseren <strong class=\"Yjhzub\" data-sfc-root=\"c\" data-sfc-cb=\"\" data-complete=\"true\">Salaten<\/strong>.<\/span><\/li>\n<li class=\"dF3vjf\" data-sfc-root=\"c\" data-sfc-cb=\"\" data-hveid=\"CAEIBRAB\" data-complete=\"true\" data-sae=\"\"><span class=\"T286Pc\" data-sfc-cp=\"\" data-sfc-root=\"c\" data-sfc-cb=\"\" data-complete=\"true\"><strong class=\"Yjhzub\" data-sfc-root=\"c\" data-sfc-cb=\"\" data-complete=\"true\">Besonderheit:<\/strong> Besonders saftig und dekorativ durch den leuchtenden K\u00fcrbis.<\/span><\/li>\n<li class=\"dF3vjf\" data-sfc-root=\"c\" data-sfc-cb=\"\" data-hveid=\"CAEIBRAC\" data-complete=\"true\" data-sae=\"\"><span class=\"T286Pc\" data-sfc-cp=\"\" data-sfc-root=\"c\" data-sfc-cb=\"\" data-complete=\"true\"><strong class=\"Yjhzub\" data-sfc-root=\"c\" data-sfc-cb=\"\" data-complete=\"true\">Allergene:<\/strong> Enth\u00e4lt Milch (Laktose). <strong class=\"Yjhzub\" data-sfc-root=\"c\" data-sfc-cb=\"\" data-complete=\"true\" aria-owns=\"action-menu-parent-container\">Vegetarisch &amp; Glutenfrei.<\/strong><\/span><\/li>\n<\/ul>\n","protected":false},"featured_media":2207,"template":"","meta":{"_glsr_average":0,"_glsr_ranking":0,"_glsr_reviews":0},"product_brand":[],"product_cat":[45,65],"product_tag":[64,231,62],"class_list":{"0":"post-1596","1":"product","2":"type-product","3":"status-publish","4":"has-post-thumbnail","6":"product_cat-hauptspeisen","7":"product_cat-hauptspeisen-vegetarisch","8":"product_tag-hauptspeisen","9":"product_tag-kuerbis","10":"product_tag-vegetarisch","12":"first","13":"instock","14":"taxable","15":"shipping-taxable","16":"purchasable","17":"product-type-simple"},"ct_brands":[],"_links":{"self":[{"href":"https:\/\/ehabcateringshop.de\/index.php?rest_route=\/wp\/v2\/product\/1596","targetHints":{"allow":["GET"]}}],"collection":[{"href":"https:\/\/ehabcateringshop.de\/index.php?rest_route=\/wp\/v2\/product"}],"about":[{"href":"https:\/\/ehabcateringshop.de\/index.php?rest_route=\/wp\/v2\/types\/product"}],"wp:featuredmedia":[{"embeddable":true,"href":"https:\/\/ehabcateringshop.de\/index.php?rest_route=\/wp\/v2\/media\/2207"}],"wp:attachment":[{"href":"https:\/\/ehabcateringshop.de\/index.php?rest_route=%2Fwp%2Fv2%2Fmedia&parent=1596"}],"wp:term":[{"taxonomy":"product_brand","embeddable":true,"href":"https:\/\/ehabcateringshop.de\/index.php?rest_route=%2Fwp%2Fv2%2Fproduct_brand&post=1596"},{"taxonomy":"product_cat","embeddable":true,"href":"https:\/\/ehabcateringshop.de\/index.php?rest_route=%2Fwp%2Fv2%2Fproduct_cat&post=1596"},{"taxonomy":"product_tag","embeddable":true,"href":"https:\/\/ehabcateringshop.de\/index.php?rest_route=%2Fwp%2Fv2%2Fproduct_tag&post=1596"}],"curies":[{"name":"wp","href":"https:\/\/api.w.org\/{rel}","templated":true}]}}