{"id":1589,"date":"2026-03-07T10:50:06","date_gmt":"2026-03-07T09:50:06","guid":{"rendered":"https:\/\/tonyshop2191.live-website.com\/?post_type=product&#038;p=1589"},"modified":"2026-04-12T20:23:59","modified_gmt":"2026-04-12T19:23:59","slug":"couscous-gemuesepfanne","status":"publish","type":"product","link":"https:\/\/ehabcateringshop.de\/?product=couscous-gemuesepfanne","title":{"rendered":"Couscous Gem\u00fcsepfanne"},"content":{"rendered":"","protected":false},"excerpt":{"rendered":"<div class=\"Y3BBE\" data-sfc-cp=\"\" data-sfc-root=\"c\" data-sfc-cb=\"\" data-hveid=\"CAEIAxAA\" data-complete=\"true\" data-processed=\"true\">Ein gesundes und farbenfrohes Highlight f\u00fcr Ihr warmes Buffet: Unsere <strong class=\"Yjhzub\" data-sfc-root=\"c\" data-sfc-cb=\"\" data-complete=\"true\" data-processed=\"true\">Couscous-Gem\u00fcsepfanne<\/strong> kombiniert fluffigen Couscous mit handgegrilltem mediterranem Gem\u00fcse wie <strong class=\"Yjhzub\" data-sfc-root=\"c\" data-sfc-cb=\"\" data-complete=\"true\" data-processed=\"true\">Zucchini, Auberginen und Paprika<\/strong>. Proteinreiche <strong class=\"Yjhzub\" data-sfc-root=\"c\" data-sfc-cb=\"\" data-complete=\"true\" data-processed=\"true\">Kichererbsen<\/strong> und eine feine orientalische Gew\u00fcrzmischung sorgen f\u00fcr einen runden Geschmack. Das Besondere: Wir veredeln das Gericht mit einer gro\u00dfz\u00fcgigen Portion <strong class=\"Yjhzub\" data-sfc-root=\"c\" data-sfc-cb=\"\" data-complete=\"true\" data-processed=\"true\">ger\u00f6steter Cashewkerne<\/strong>, die f\u00fcr den perfekten Crunch sorgen. Wir liefern das Gericht hei\u00df und servierfertig im professionellen W\u00e4rmebeh\u00e4lter (Chafing Dish).<\/div>\n<ul class=\"KsbFXc U6u95\" data-sfc-root=\"c\" data-sfc-cb=\"\" data-complete=\"true\" data-processed=\"true\">\n<li class=\"dF3vjf\" data-sfc-root=\"c\" data-sfc-cb=\"\" data-hveid=\"CAEIBBAA\" data-complete=\"true\" data-sae=\"\"><span class=\"T286Pc\" data-sfc-cp=\"\" data-sfc-root=\"c\" data-sfc-cb=\"\" data-complete=\"true\"><strong class=\"Yjhzub\" data-sfc-root=\"c\" data-sfc-cb=\"\" data-complete=\"true\">Besonderheit:<\/strong> Reich an Proteinen und Ballaststoffen.<\/span><\/li>\n<li class=\"dF3vjf\" data-sfc-root=\"c\" data-sfc-cb=\"\" data-hveid=\"CAEIBBAB\" data-complete=\"true\" data-sae=\"\"><span class=\"T286Pc\" data-sfc-cp=\"\" data-sfc-root=\"c\" data-sfc-cb=\"\" data-complete=\"true\"><strong class=\"Yjhzub\" data-sfc-root=\"c\" data-sfc-cb=\"\" data-complete=\"true\">Allergene:<\/strong> Enth\u00e4lt Gluten (Couscous), Schalenfr\u00fcchte (Cashewkerne). <strong class=\"Yjhzub\" data-sfc-root=\"c\" data-sfc-cb=\"\" data-complete=\"true\" aria-owns=\"action-menu-parent-container\">Vegan.<\/strong><\/span><\/li>\n<\/ul>\n","protected":false},"featured_media":2105,"template":"","meta":{"_glsr_average":0,"_glsr_ranking":0,"_glsr_reviews":0},"product_brand":[],"product_cat":[45,63],"product_tag":[229,64,56],"class_list":{"0":"post-1589","1":"product","2":"type-product","3":"status-publish","4":"has-post-thumbnail","6":"product_cat-hauptspeisen","7":"product_cat-hauptspeisen-vegan","8":"product_tag-couscous","9":"product_tag-hauptspeisen","10":"product_tag-vegan","12":"first","13":"instock","14":"taxable","15":"shipping-taxable","16":"purchasable","17":"product-type-simple"},"ct_brands":[],"_links":{"self":[{"href":"https:\/\/ehabcateringshop.de\/index.php?rest_route=\/wp\/v2\/product\/1589","targetHints":{"allow":["GET"]}}],"collection":[{"href":"https:\/\/ehabcateringshop.de\/index.php?rest_route=\/wp\/v2\/product"}],"about":[{"href":"https:\/\/ehabcateringshop.de\/index.php?rest_route=\/wp\/v2\/types\/product"}],"wp:featuredmedia":[{"embeddable":true,"href":"https:\/\/ehabcateringshop.de\/index.php?rest_route=\/wp\/v2\/media\/2105"}],"wp:attachment":[{"href":"https:\/\/ehabcateringshop.de\/index.php?rest_route=%2Fwp%2Fv2%2Fmedia&parent=1589"}],"wp:term":[{"taxonomy":"product_brand","embeddable":true,"href":"https:\/\/ehabcateringshop.de\/index.php?rest_route=%2Fwp%2Fv2%2Fproduct_brand&post=1589"},{"taxonomy":"product_cat","embeddable":true,"href":"https:\/\/ehabcateringshop.de\/index.php?rest_route=%2Fwp%2Fv2%2Fproduct_cat&post=1589"},{"taxonomy":"product_tag","embeddable":true,"href":"https:\/\/ehabcateringshop.de\/index.php?rest_route=%2Fwp%2Fv2%2Fproduct_tag&post=1589"}],"curies":[{"name":"wp","href":"https:\/\/api.w.org\/{rel}","templated":true}]}}