{"id":1541,"date":"2026-03-06T09:13:14","date_gmt":"2026-03-06T08:13:14","guid":{"rendered":"https:\/\/tonyshop2191.live-website.com\/?post_type=product&#038;p=1541"},"modified":"2026-04-11T20:31:25","modified_gmt":"2026-04-11T19:31:25","slug":"rote-beete-salat-mit-apfel","status":"publish","type":"product","link":"https:\/\/ehabcateringshop.de\/?product=rote-beete-salat-mit-apfel","title":{"rendered":"Rote Beete Salat mit Apfel"},"content":{"rendered":"","protected":false},"excerpt":{"rendered":"<div class=\"Y3BBE\" data-sfc-cp=\"\" data-sfc-root=\"c\" data-sfc-cb=\"\" data-hveid=\"CNYPEAA\" data-complete=\"true\" data-processed=\"true\">Bringen Sie Farbe auf Ihr Buffet: Unser hausgemachter <strong class=\"Yjhzub\" data-sfc-root=\"c\" data-sfc-cb=\"\" data-complete=\"true\" data-processed=\"true\">Rote-Beete-Salat<\/strong> <strong>mit Apfel<\/strong> \u00fcberzeugt durch die perfekte Balance aus fruchtiger S\u00fc\u00dfe und herzhaftem Biss. Die Kombination aus Orangenfilets, \u00c4pfeln und Waln\u00fcssen in einem feinen Honig-Senf-Dressing macht diesen Salat zu einer idealen Beilage f\u00fcr Fleischgerichte oder als frischen Solo-Star.<\/div>\n<ul class=\"KsbFXc U6u95\" data-sfc-root=\"c\" data-sfc-cb=\"\" data-complete=\"true\" data-processed=\"true\">\n<li class=\"dF3vjf\" data-sfc-root=\"c\" data-sfc-cb=\"\" data-hveid=\"CN0PEAA\" data-complete=\"true\" data-processed=\"true\"><span class=\"T286Pc\" data-sfc-cp=\"\" data-sfc-root=\"c\" data-sfc-cb=\"\" data-complete=\"true\" data-processed=\"true\"><strong class=\"Yjhzub\" data-sfc-root=\"c\" data-sfc-cb=\"\" data-complete=\"true\" data-processed=\"true\">Allergene:<\/strong> Enth\u00e4lt Schalenfr\u00fcchte (Waln\u00fcsse), Senf. <strong class=\"Yjhzub\" data-sfc-root=\"c\" data-sfc-cb=\"\" data-complete=\"true\" data-processed=\"true\" aria-owns=\"action-menu-parent-container\">Vegetarisch &amp; Glutenfrei.<\/strong><\/span><\/li>\n<\/ul>\n","protected":false},"featured_media":2515,"template":"","meta":{"_glsr_average":0,"_glsr_ranking":0,"_glsr_reviews":0},"product_brand":[],"product_cat":[49,59],"product_tag":[60,56,62],"class_list":{"0":"post-1541","1":"product","2":"type-product","3":"status-publish","4":"has-post-thumbnail","6":"product_cat-salate","7":"product_cat-salat-vegan","8":"product_tag-salat","9":"product_tag-vegan","10":"product_tag-vegetarisch","12":"first","13":"instock","14":"taxable","15":"shipping-taxable","16":"purchasable","17":"product-type-variable"},"ct_brands":[],"_links":{"self":[{"href":"https:\/\/ehabcateringshop.de\/index.php?rest_route=\/wp\/v2\/product\/1541","targetHints":{"allow":["GET"]}}],"collection":[{"href":"https:\/\/ehabcateringshop.de\/index.php?rest_route=\/wp\/v2\/product"}],"about":[{"href":"https:\/\/ehabcateringshop.de\/index.php?rest_route=\/wp\/v2\/types\/product"}],"wp:featuredmedia":[{"embeddable":true,"href":"https:\/\/ehabcateringshop.de\/index.php?rest_route=\/wp\/v2\/media\/2515"}],"wp:attachment":[{"href":"https:\/\/ehabcateringshop.de\/index.php?rest_route=%2Fwp%2Fv2%2Fmedia&parent=1541"}],"wp:term":[{"taxonomy":"product_brand","embeddable":true,"href":"https:\/\/ehabcateringshop.de\/index.php?rest_route=%2Fwp%2Fv2%2Fproduct_brand&post=1541"},{"taxonomy":"product_cat","embeddable":true,"href":"https:\/\/ehabcateringshop.de\/index.php?rest_route=%2Fwp%2Fv2%2Fproduct_cat&post=1541"},{"taxonomy":"product_tag","embeddable":true,"href":"https:\/\/ehabcateringshop.de\/index.php?rest_route=%2Fwp%2Fv2%2Fproduct_tag&post=1541"}],"curies":[{"name":"wp","href":"https:\/\/api.w.org\/{rel}","templated":true}]}}