{"id":1342,"date":"2025-08-18T08:24:59","date_gmt":"2025-08-18T07:24:59","guid":{"rendered":"https:\/\/tonyshop2191.live-website.com\/?post_type=product&#038;p=1342"},"modified":"2026-04-10T17:07:14","modified_gmt":"2026-04-10T16:07:14","slug":"baklava","status":"publish","type":"product","link":"https:\/\/ehabcateringshop.de\/?product=baklava","title":{"rendered":"Hausgemachtes Baklava"},"content":{"rendered":"","protected":false},"excerpt":{"rendered":"<div class=\"Y3BBE\" data-sfc-cp=\"\" data-sfc-root=\"c\" data-sfc-cb=\"\" data-hveid=\"CAEIBhAA\" data-complete=\"true\" data-processed=\"true\">Ein orientalischer <strong class=\"Yjhzub\" data-sfc-root=\"c\" data-sfc-cb=\"\" data-complete=\"true\" data-processed=\"true\">Dessert<\/strong>-Traum: Unsere Baklava werden nach traditionellem Familienrezept aus hauchd\u00fcnnen Filoteig-Schichten gebacken. Gef\u00fcllt mit einer edlen Mischung aus fein gehackten Pistazien und veredelt mit einem aromatischen Honigsirup. Knusprig, s\u00fc\u00df und unwiderstehlich \u2013 servierfertig f\u00fcr Sie auf einer Platte angerichtet.<\/div>\n<ul class=\"KsbFXc U6u95\" data-sfc-root=\"c\" data-sfc-cb=\"\" data-complete=\"true\" data-processed=\"true\">\n<li class=\"dF3vjf\" data-sfc-root=\"c\" data-sfc-cb=\"\" data-hveid=\"CAEIBxAA\" data-complete=\"true\" data-sae=\"\"><span class=\"T286Pc\" data-sfc-cp=\"\" data-sfc-root=\"c\" data-sfc-cb=\"\" data-complete=\"true\"><strong class=\"Yjhzub\" data-sfc-root=\"c\" data-sfc-cb=\"\" data-complete=\"true\">Empfehlung:<\/strong> Passt hervorragend zu einem kr\u00e4ftigen Mokka oder als Abschluss unserer <strong class=\"Yjhzub\" data-sfc-root=\"c\" data-sfc-cb=\"\" data-complete=\"true\">orientalischen Buffets<\/strong>.<\/span><\/li>\n<li class=\"dF3vjf\" data-sfc-root=\"c\" data-sfc-cb=\"\" data-hveid=\"CAEIBxAB\" data-complete=\"true\" data-sae=\"\"><span class=\"T286Pc\" data-sfc-cp=\"\" data-sfc-root=\"c\" data-sfc-cb=\"\" data-complete=\"true\" aria-owns=\"action-menu-parent-container\"><strong class=\"Yjhzub\" data-sfc-root=\"c\" data-sfc-cb=\"\" data-complete=\"true\">Allergene:<\/strong> Enth\u00e4lt Gluten (Weizen), Schalenfr\u00fcchte (Pistazien, Waln\u00fcsse), Milch (Butter). Vegetarisch.<\/span><\/li>\n<\/ul>\n","protected":false},"featured_media":2477,"template":"","meta":{"_glsr_average":0,"_glsr_ranking":0,"_glsr_reviews":0},"product_brand":[],"product_cat":[41],"product_tag":[79,62],"class_list":{"0":"post-1342","1":"product","2":"type-product","3":"status-publish","4":"has-post-thumbnail","6":"product_cat-dessert","7":"product_tag-dessert","8":"product_tag-vegetarisch","10":"first","11":"instock","12":"taxable","13":"shipping-taxable","14":"purchasable","15":"product-type-simple"},"ct_brands":[],"_links":{"self":[{"href":"https:\/\/ehabcateringshop.de\/index.php?rest_route=\/wp\/v2\/product\/1342","targetHints":{"allow":["GET"]}}],"collection":[{"href":"https:\/\/ehabcateringshop.de\/index.php?rest_route=\/wp\/v2\/product"}],"about":[{"href":"https:\/\/ehabcateringshop.de\/index.php?rest_route=\/wp\/v2\/types\/product"}],"wp:featuredmedia":[{"embeddable":true,"href":"https:\/\/ehabcateringshop.de\/index.php?rest_route=\/wp\/v2\/media\/2477"}],"wp:attachment":[{"href":"https:\/\/ehabcateringshop.de\/index.php?rest_route=%2Fwp%2Fv2%2Fmedia&parent=1342"}],"wp:term":[{"taxonomy":"product_brand","embeddable":true,"href":"https:\/\/ehabcateringshop.de\/index.php?rest_route=%2Fwp%2Fv2%2Fproduct_brand&post=1342"},{"taxonomy":"product_cat","embeddable":true,"href":"https:\/\/ehabcateringshop.de\/index.php?rest_route=%2Fwp%2Fv2%2Fproduct_cat&post=1342"},{"taxonomy":"product_tag","embeddable":true,"href":"https:\/\/ehabcateringshop.de\/index.php?rest_route=%2Fwp%2Fv2%2Fproduct_tag&post=1342"}],"curies":[{"name":"wp","href":"https:\/\/api.w.org\/{rel}","templated":true}]}}